{"id":3,"date":"2025-01-07T18:08:34","date_gmt":"2025-01-07T18:08:34","guid":{"rendered":"https:\/\/pood.vly.ee\/?page_id=3"},"modified":"2025-01-08T22:26:07","modified_gmt":"2025-01-08T20:26:07","slug":"privacy-policy","status":"publish","type":"page","link":"https:\/\/pood.vly.ee\/index.php\/privacy-policy\/","title":{"rendered":"Privaatsus, tarne- ja tagastamistingimused"},"content":{"rendered":"\n<h2 class=\"wp-block-heading\"><strong>Ostu sooritamiseks ava ostukorv<\/strong>, vali transpordiviis ning j\u00e4tka.<\/h2>\n\n\n\n<p><strong>Esita korrektsed andmed<\/strong>&nbsp;tellija ja tarne kohta, kinnita transport ning loe l\u00e4bi ja n\u00f5ustu tellimistingimustega.<\/p>\n\n\n\n<p><strong>Tasuda saab<\/strong>:<\/p>\n\n\n\n<ul class=\"wp-block-list\">\n<li><strong>panga\u00fclekandega<\/strong> arve alusel O\u00dc Seekrank pangakontole. \u00dclekandega tasumisel m\u00e4rgi kindlasti selgitusse tellimuse number!<\/li>\n<\/ul>\n\n\n\n<p> O\u00dc Seekrank on \u00f5igus t\u00fchistada tellimused, mille eest ei ole tasutud 3 t\u00f6\u00f6p\u00e4eva jooksul.<\/p>\n\n\n\n<p>Ostu asutakse t\u00e4itma p\u00e4rast arve laekumist. Hinnad sisaldavad k\u00e4ibemaksu.<\/p>\n\n\n\n<p><strong>Transport:<\/strong><\/p>\n\n\n\n<p class=\"has-text-color has-link-color wp-elements-1c72071a0fe9cc013a30340ccb656d76\" style=\"color:#600000\">Kaupade ostmisel on v\u00f5imalik valida transpordiviiside vahel:<\/p>\n\n\n\n<ul class=\"wp-block-list\">\n<li><strong>Smartposti<\/strong>&nbsp;pakiautomaat, mis on fikseeritud hinnaga&nbsp;<strong>4\u20ac<\/strong><\/li>\n\n\n\n<li><strong>Omniva\u00a0<\/strong>pakiautomaat, mis on fikseeritud hinnaga <strong>4\u20ac<\/strong><\/li>\n<\/ul>\n\n\n\n<p>Kauba postitame 5 t\u00f6\u00f6p\u00e4eva jooksul.<\/p>\n\n\n\n<p><strong>Tellimuse t\u00fchistamine 14 p\u00e4eva jooksul:<\/strong><\/p>\n\n\n\n<p class=\"has-text-color has-link-color wp-elements-1e6ed9734c5fe8be48edd1b7ffbc0413\" style=\"color:#600000\">Ostjal on \u00f5igus 14 p\u00e4eva jooksul toode vigastamata kujul ning originaalpakendis meile tagastada. Kui&nbsp; kaup on kasutamata, tagastame makstud raha. Tagasi ei maksta tellitud kauba transpordikulu.<\/p>\n\n\n\n<p class=\"has-text-color has-link-color wp-elements-9fdac910db6b320f580577bcee83b5a5\" style=\"color:#600000\">Tellimuse t\u00fchistamiseks palume saata e-kiri: <a href=\"mailto:kitiuhing@gmail.com\" data-type=\"link\" data-id=\"kitiuhing@gmail.com\">kitiuhing[at]gmail.com<\/a>, tuues v\u00e4lja tellitud kauba nimetuse, tellimuse numbri, maksmise kuup\u00e4eva ning tagastamise p\u00f5hjuse. Raha kanname tagasi 7 p\u00e4eva jooksul peale kauba tagastamist samale kontole, kust see on algselt tulnud.<\/p>\n\n\n\n<p><strong>Konfidentsiaalsus:<\/strong><\/p>\n\n\n\n<p> O\u00dc Seekrank ei levita Ostja isikuandmeid kolmandatele osapooltele v.a transporditeenuse osutamiseks vajalik info. Ostjal on \u00f5igus n\u00f5uda oma andmete kustutamist vly.ee andmebaasist.<\/p>\n","protected":false},"excerpt":{"rendered":"<p>Ostu sooritamiseks ava ostukorv, vali transpordiviis ning j\u00e4tka. Esita korrektsed andmed&nbsp;tellija ja tarne kohta, kinnita transport ning loe l\u00e4bi ja n\u00f5ustu tellimistingimustega. Tasuda saab: O\u00dc Seekrank on \u00f5igus t\u00fchistada tellimused, mille eest ei ole tasutud 3 t\u00f6\u00f6p\u00e4eva jooksul. Ostu asutakse t\u00e4itma p\u00e4rast arve laekumist. Hinnad sisaldavad k\u00e4ibemaksu. Transport: Kaupade ostmisel on v\u00f5imalik valida transpordiviiside vahel: [&hellip;]<\/p>\n","protected":false},"author":1,"featured_media":0,"parent":0,"menu_order":0,"comment_status":"closed","ping_status":"open","template":"","meta":{"footnotes":""},"class_list":["post-3","page","type-page","status-publish","hentry"],"_links":{"self":[{"href":"https:\/\/pood.vly.ee\/index.php\/wp-json\/wp\/v2\/pages\/3","targetHints":{"allow":["GET"]}}],"collection":[{"href":"https:\/\/pood.vly.ee\/index.php\/wp-json\/wp\/v2\/pages"}],"about":[{"href":"https:\/\/pood.vly.ee\/index.php\/wp-json\/wp\/v2\/types\/page"}],"author":[{"embeddable":true,"href":"https:\/\/pood.vly.ee\/index.php\/wp-json\/wp\/v2\/users\/1"}],"replies":[{"embeddable":true,"href":"https:\/\/pood.vly.ee\/index.php\/wp-json\/wp\/v2\/comments?post=3"}],"version-history":[{"count":6,"href":"https:\/\/pood.vly.ee\/index.php\/wp-json\/wp\/v2\/pages\/3\/revisions"}],"predecessor-version":[{"id":148,"href":"https:\/\/pood.vly.ee\/index.php\/wp-json\/wp\/v2\/pages\/3\/revisions\/148"}],"wp:attachment":[{"href":"https:\/\/pood.vly.ee\/index.php\/wp-json\/wp\/v2\/media?parent=3"}],"curies":[{"name":"wp","href":"https:\/\/api.w.org\/{rel}","templated":true}]}}